{"id":1305,"date":"2018-04-18T22:15:25","date_gmt":"2018-04-18T21:15:25","guid":{"rendered":"http:\/\/portius-fotografie.com\/?page_id=1305"},"modified":"2019-02-03T16:53:21","modified_gmt":"2019-02-03T15:53:21","slug":"fotoschule-landschaftfotografie","status":"publish","type":"page","link":"https:\/\/portius-fotografie.com\/?page_id=1305","title":{"rendered":"Fotoschule Landschaftsfotografie"},"content":{"rendered":"<div class=\"wpb-content-wrapper\"><p>[vc_row][vc_column width=&#8220;1\/2&#8243;][vc_single_image image=&#8220;1162&#8243; alignment=&#8220;center&#8220; style=&#8220;vc_box_circle&#8220; css_animation=&#8220;appear&#8220;][lab_heading title=&#8220;Fotoschule Landschaftsfotografie&#8220;]Fototechniken in Theorie und Praxis mit Spa\u00df und Mu\u00dfe erlernen[\/lab_heading][vc_column_text]Sehr geehrte von der Fotografie begeisterte Leserinnen und Leser,<\/p>\n<p>gerne bringe ich Ihnen in diesem\u00a0<strong>Basiskurs Natur- und Landschaftsfotografie<\/strong>\u00a0das notwendige theoretische Wissen und praktische K\u00f6nnen\u00a0bei, das Ihnen das wunderbare Hobby der Natur- und Landschaftsfotografie n\u00e4herbringt. Dieser Basiskurs bietet einen fundierten<strong>\u00a0<\/strong>Einstieg in die Welt der Natur- und Landschaftsfotografie mit vielen Tipps und Tricks, die Sie gleich in der Praxis umsetzen k\u00f6nnen, daf\u00fcr bedarf\u00a0es nicht gleich einer teuren Profi-Ausr\u00fcstung Die einzige Voraussetzung ist, dass Sie Freude an der Fotografie mitbringen.[\/vc_column_text][lab_heading title=&#8220;Ein wunderbares Hobby&#8220;]Ich baue auf Ihrem Wissen und K\u00f6nnen auf[\/lab_heading][vc_column_text]Der Basiskurs Natur- und Landschaftsfotografie ist ein <strong>Individualkurs<\/strong>, den ich speziell auf Ihre Interessen in der Natur- und Landschaftsfotografie abstimme. Als Leiter von Fotokursen habe ich die Erfahrung gemacht, dass bei Gruppenschulungen im vorgegebenen Zeitrahmen oftmals nicht ausreichend auf einzelne Teilnehmerinnen und Teilnehmer eingegangen werden kann und somit der gro\u00dfe Vorteil des individuellen Lernens in\u00a0einem\u00a0ganz pers\u00f6nlichen Tempo\u00a0zwangsl\u00e4ufig zu kurz kommt.<\/p>\n<p>Ich f\u00f6rdere Sie gezielt in diesem Individualkurs, Sie lernen, die M\u00f6glichkeiten Ihrer Kamera auszusch\u00f6pfen. Und falls Sie lieber doch mit Ihrem Partner oder der besten Freundin den Kurs zusammen absolvieren m\u00f6chten, dann finden wir auch daf\u00fcr gemeinsam eine L\u00f6sung.[\/vc_column_text][lab_heading title=&#8220;Vorteile des Individualkurses&#8220;]Gezielte F\u00f6rderung bringt Sie weiter[\/lab_heading][vc_column_text]<\/p>\n<ul>\n<li>Vermittlung von Fotowissen, das auf Sie abgestimmt ist<\/li>\n<li>Freie Terminwahl nach Absprache<\/li>\n<li>Einzelschulung als Basis f\u00fcr einen schnellen und nachhaltigen Lernerfolg<\/li>\n<li>Fotoexkursion in die Natur, um das theoretische Wissen gleich in der Praxis anzuwenden<\/li>\n<\/ul>\n<p>[\/vc_column_text][lab_heading title=&#8220;Die variablen Inhalte des Kurses&#8220;]Schulung legt viel Wert auf Praxis[\/lab_heading][vc_column_text]<\/p>\n<ul>\n<li>Grundwissen der digitalen Fotografie (Verschlusszeit, Blende, Brennweite &#8230;)<\/li>\n<li>Zusammenspiel von Blende und Verschlusszeit sowie ISO \/ ASA<\/li>\n<li>Belichtungsmessung (Mehrfeld, Spot &#8230;)<\/li>\n<li>&#8222;eingefrorene&#8220; Momente<\/li>\n<li>Bildgestaltung: Was macht gute Natur- und Landschaftsaufnahmen aus?<\/li>\n<li>Schwarz-Wei\u00df und Farbe<\/li>\n<li>Bildaufbau und Blickf\u00fchrung<\/li>\n<li>Exkursion in die Natur, um das Gelernte in die Praxis umzusetzen<\/li>\n<li>Bearbeitungssoftware und Bildbearbeitung: Workflow, Korrekturen, Dateiformate, Datensicherheit sowie Archivierung<\/li>\n<li>Bildbesprechung der &#8222;Tagesausbeute&#8220;<\/li>\n<li>Kamera- und Objektivberatung<\/li>\n<\/ul>\n<p>[\/vc_column_text][lab_heading title=&#8220;Was muss ich mitbringen?&#8220;]Wir besprechen Ihre Ausr\u00fcstung[\/lab_heading][vc_column_text]<\/p>\n<ul>\n<li>DSLR oder Systemkamera<\/li>\n<li>Objektive, die Sie bereits besitzen<\/li>\n<li>leere Speicherkarten und volle Akkus<\/li>\n<li>Handbuch Ihrer Kamera, falls vorhanden<\/li>\n<li>Stativ, falls vorhanden<\/li>\n<\/ul>\n<p>[\/vc_column_text][lab_heading title=&#8220;Kursdauer &amp; Kursort&#8220;]Ein Tag, der vollst\u00e4ndig der Fotografie gewidmet ist[\/lab_heading][vc_column_text]Kursdauer: 9 Stunden<\/p>\n<p>Kursort: nach Absprache (flie\u00dft in mein individuelles Angebot ein)[\/vc_column_text][lab_heading title=&#8220;Preis&#8220;]Der Endpreis basiert auf einem individuellen Angebot[\/lab_heading][vc_column_text]<strong>Basispreis 430,- \u20ac<\/strong><\/p>\n<p>Hinzu kommt lediglich noch die\u00a0<strong>Kilometerpauschale<\/strong>\u00a0&#8211; in Abh\u00e4ngigkeit vom Kursort. Sprechen Sie mich einfach unverbindlich an. Ich erstelle Ihnen ein individuelles Angebot. Erst wenn das f\u00fcr Sie in Ordnung ist, buchen Sie verbindlich. Die Bezahlung erfolgt per Bank\u00fcberweisung. Die entsprechenden Daten erhalten Sie zusammen mit Ihrer Anmeldebest\u00e4tigung.[\/vc_column_text][vc_btn title=&#8220;Jetzt unverbindlich anfragen&#8220; color=&#8220;warning&#8220; size=&#8220;lg&#8220; align=&#8220;center&#8220; i_icon_fontawesome=&#8220;fa fa-camera-retro&#8220; link=&#8220;url:http%3A%2F%2Fportius-fotografie.com%2F%3Fpage_id%3D48|||&#8220; add_icon=&#8220;true&#8220;][\/vc_column][vc_column width=&#8220;1\/2&#8243;][vc_single_image image=&#8220;1073&#8243; img_size=&#8220;large&#8220;][vc_single_image image=&#8220;1653&#8243; img_size=&#8220;large&#8220;][vc_single_image image=&#8220;1684&#8243; img_size=&#8220;large&#8220;][vc_single_image image=&#8220;1159&#8243; img_size=&#8220;large&#8220;][\/vc_column][\/vc_row][vc_row][vc_column][\/vc_column][\/vc_row][vc_row][vc_column][\/vc_column][\/vc_row][vc_row][vc_column][\/vc_column][\/vc_row][vc_row][vc_column][\/vc_column][\/vc_row]<\/p>\n<\/div>","protected":false},"excerpt":{"rendered":"<p>[vc_row][vc_column width=&#8220;1\/2&#8243;][vc_single_image image=&#8220;1162&#8243; alignment=&#8220;center&#8220; style=&#8220;vc_box_circle&#8220; css_animation=&#8220;appear&#8220;][lab_heading title=&#8220;Fotoschule Landschaftsfotografie&#8220;]Fototechniken in Theorie und Praxis mit Spa\u00df und Mu\u00dfe erlernen[\/lab_heading][vc_column_text]Sehr geehrte von der Fotografie begeisterte Leserinnen und Leser, gerne bringe ich Ihnen in diesem\u00a0Basiskurs Natur- und Landschaftsfotografie\u00a0das notwendige theoretische Wissen und praktische K\u00f6nnen\u00a0bei, das Ihnen das wunderbare Hobby der Natur- und Landschaftsfotografie n\u00e4herbringt. Dieser Basiskurs bietet einen fundierten\u00a0Einstieg&hellip;<\/p>\n","protected":false},"author":1,"featured_media":0,"parent":0,"menu_order":0,"comment_status":"closed","ping_status":"closed","template":"","meta":{"_acf_changed":false,"footnotes":""},"class_list":["post-1305","page","type-page","status-publish","hentry"],"acf":[],"_links":{"self":[{"href":"https:\/\/portius-fotografie.com\/index.php?rest_route=\/wp\/v2\/pages\/1305","targetHints":{"allow":["GET"]}}],"collection":[{"href":"https:\/\/portius-fotografie.com\/index.php?rest_route=\/wp\/v2\/pages"}],"about":[{"href":"https:\/\/portius-fotografie.com\/index.php?rest_route=\/wp\/v2\/types\/page"}],"author":[{"embeddable":true,"href":"https:\/\/portius-fotografie.com\/index.php?rest_route=\/wp\/v2\/users\/1"}],"replies":[{"embeddable":true,"href":"https:\/\/portius-fotografie.com\/index.php?rest_route=%2Fwp%2Fv2%2Fcomments&post=1305"}],"version-history":[{"count":33,"href":"https:\/\/portius-fotografie.com\/index.php?rest_route=\/wp\/v2\/pages\/1305\/revisions"}],"predecessor-version":[{"id":2163,"href":"https:\/\/portius-fotografie.com\/index.php?rest_route=\/wp\/v2\/pages\/1305\/revisions\/2163"}],"wp:attachment":[{"href":"https:\/\/portius-fotografie.com\/index.php?rest_route=%2Fwp%2Fv2%2Fmedia&parent=1305"}],"curies":[{"name":"wp","href":"https:\/\/api.w.org\/{rel}","templated":true}]}}