{"id":186,"date":"2017-10-03T09:30:46","date_gmt":"2017-10-03T09:30:46","guid":{"rendered":"http:\/\/portius-fotografie.com\/?page_id=186"},"modified":"2018-12-29T05:12:15","modified_gmt":"2018-12-29T04:12:15","slug":"galerie2","status":"publish","type":"page","link":"https:\/\/portius-fotografie.com\/?page_id=186","title":{"rendered":"Galerie"},"content":{"rendered":"<div class=\"wpb-content-wrapper\"><p>[vc_row][vc_column width=&#8220;1\/4&#8243;][\/vc_column][vc_column width=&#8220;1\/2&#8243;][vc_column_text]<\/p>\n<p style=\"text-align: center;\"><span style=\"color: #000000;\"><i>Die Landschaft macht den Eindruck absoluter Dauer. Sie ist nicht feindselig. Sie ist einfach da \u2013 unber\u00fchrt, still und vollkommen. Sie ist sehr einsam, aber das Fehlen jeder menschlichen Spur gibt dir das Gef\u00fchl, du verst\u00fcndest dieses Land und k\u00f6nntest deinen Platz darin einnehmen. (Edmund Carpenter)<\/i><\/span><\/p>\n<p>[\/vc_column_text][\/vc_column][vc_column width=&#8220;1\/4&#8243;][\/vc_column][\/vc_row][vc_row][vc_column][lab_portfolio_items portfolio_type=&#8220;type-2&#8243; columns=&#8220;3&#8243; reveal_effect=&#8220;none&#8220; pagination_type=&#8220;hide&#8220; portfolio_query=&#8220;size:12|order_by:ID|order:ASC|post_type:,portfolio|by_id:1988,1985,1982,1974,1971,1963,1443,784,515,134,118,105&#8243;][\/vc_column][\/vc_row]<\/p>\n<\/div>","protected":false},"excerpt":{"rendered":"<p>[vc_row][vc_column width=&#8220;1\/4&#8243;][\/vc_column][vc_column width=&#8220;1\/2&#8243;][vc_column_text] Die Landschaft macht den Eindruck absoluter Dauer. Sie ist nicht feindselig. Sie ist einfach da \u2013 unber\u00fchrt, still und vollkommen. Sie ist sehr einsam, aber das Fehlen jeder menschlichen Spur gibt dir das Gef\u00fchl, du verst\u00fcndest dieses Land und k\u00f6nntest deinen Platz darin einnehmen. (Edmund Carpenter) [\/vc_column_text][\/vc_column][vc_column width=&#8220;1\/4&#8243;][\/vc_column][\/vc_row][vc_row][vc_column][lab_portfolio_items portfolio_type=&#8220;type-2&#8243; columns=&#8220;3&#8243; reveal_effect=&#8220;none&#8220; pagination_type=&#8220;hide&#8220;&hellip;<\/p>\n","protected":false},"author":1,"featured_media":0,"parent":0,"menu_order":0,"comment_status":"closed","ping_status":"closed","template":"","meta":{"_acf_changed":false,"footnotes":""},"class_list":["post-186","page","type-page","status-publish","hentry"],"acf":[],"_links":{"self":[{"href":"https:\/\/portius-fotografie.com\/index.php?rest_route=\/wp\/v2\/pages\/186","targetHints":{"allow":["GET"]}}],"collection":[{"href":"https:\/\/portius-fotografie.com\/index.php?rest_route=\/wp\/v2\/pages"}],"about":[{"href":"https:\/\/portius-fotografie.com\/index.php?rest_route=\/wp\/v2\/types\/page"}],"author":[{"embeddable":true,"href":"https:\/\/portius-fotografie.com\/index.php?rest_route=\/wp\/v2\/users\/1"}],"replies":[{"embeddable":true,"href":"https:\/\/portius-fotografie.com\/index.php?rest_route=%2Fwp%2Fv2%2Fcomments&post=186"}],"version-history":[{"count":23,"href":"https:\/\/portius-fotografie.com\/index.php?rest_route=\/wp\/v2\/pages\/186\/revisions"}],"predecessor-version":[{"id":1992,"href":"https:\/\/portius-fotografie.com\/index.php?rest_route=\/wp\/v2\/pages\/186\/revisions\/1992"}],"wp:attachment":[{"href":"https:\/\/portius-fotografie.com\/index.php?rest_route=%2Fwp%2Fv2%2Fmedia&parent=186"}],"curies":[{"name":"wp","href":"https:\/\/api.w.org\/{rel}","templated":true}]}}