{"id":2089,"date":"2018-12-30T11:21:51","date_gmt":"2018-12-30T10:21:51","guid":{"rendered":"http:\/\/portius-fotografie.com\/?page_id=2089"},"modified":"2023-10-01T11:31:51","modified_gmt":"2023-10-01T09:31:51","slug":"datenschutz","status":"publish","type":"page","link":"https:\/\/portius-fotografie.com\/?page_id=2089","title":{"rendered":"Datenschutz"},"content":{"rendered":"<div class=\"wpb-content-wrapper\"><p>[vc_row][vc_column][vc_column_text]<span style=\"color: #000000;\"><strong>Datenschutz<\/strong><\/span>[\/vc_column_text][vc_column_text]<\/p>\n<h4><span style=\"color: #000000;\">Grundlegendes<\/span><\/h4>\n<p><span style=\"color: #000000;\">Diese Datenschutzerkl\u00e4rung soll die Nutzer dieser Website \u00fcber die Art, den Umfang und den Zweck der Erhebung und Verwendung personenbezogener Daten durch den Websitebetreiber J\u00f6rg Portius, 93892 Mellanstr\u00f6m, Schweden, informieren.<\/span><\/p>\n<p><span style=\"color: #000000;\">Der Websitebetreiber nimmt Ihren Datenschutz sehr ernst und behandelt Ihre personenbezogenen Daten vertraulich und entsprechend der gesetzlichen Vorschriften. Da durch neue Technologien und die st\u00e4ndige Weiterentwicklung dieser Webseite \u00c4nderungen an dieser Datenschutzerkl\u00e4rung vorgenommen werden k\u00f6nnen, empfehlen wir Ihnen sich die Datenschutzerkl\u00e4rung in regelm\u00e4\u00dfigen Abst\u00e4nden wieder durchzulesen.<\/span><\/p>\n<p>&nbsp;<\/p>\n<h4><span style=\"color: #000000;\">Zugriffsdaten<\/span><\/h4>\n<p><span style=\"color: #000000;\">Der Websitebetreiber bzw. Seitenprovider, erhebt aufgrund eines berechtigten Interesses Daten \u00fcber Zugriffe auf die Website und speichern diese als \u201eServer-Logfiles\u201c auf dem Server der Website ab. Folgende Daten werden so protokolliert:<\/span><\/p>\n<ul>\n<li><span style=\"color: #000000;\">Besuchte Website<\/span><\/li>\n<li><span style=\"color: #000000;\">Uhrzeit zum Zeitpunkt des Zugriffes<\/span><\/li>\n<li><span style=\"color: #000000;\">Menge der gesendeten Daten in Byte<\/span><\/li>\n<li><span style=\"color: #000000;\">Quelle\/Verweis, von welchem Sie auf die Seite gelangten<\/span><\/li>\n<li><span style=\"color: #000000;\">Verwendeter Browser<\/span><\/li>\n<li><span style=\"color: #000000;\">Verwendetes Betriebssystem<\/span><\/li>\n<li><span style=\"color: #000000;\">Verwendete IP-Adresse<\/span><\/li>\n<\/ul>\n<p><span style=\"color: #000000;\">Die Server-Logfiles werden f\u00fcr maximal sieben Tage gespeichert und anschlie\u00dfend gel\u00f6scht. Die Speicherung der Daten erfolgt aus Sicherheitsgr\u00fcnden, um z. B. Missbrauchsf\u00e4lle aufkl\u00e4ren zu k\u00f6nnen. M\u00fcssen Daten aus Beweisgr\u00fcnden aufgehoben werden, sind sie solange von der L\u00f6schung ausgenommen bis der Vorfall endg\u00fcltig gekl\u00e4rt ist.<\/span><\/p>\n<p>&nbsp;<\/p>\n<h4><span style=\"color: #000000;\">Newsletter<\/span><\/h4>\n<p>Falls Sie Ihre Zustimmung geben, sende ich Ihnen f\u00fcr Sie interessante Informationen kostenlos zu. Hierzu geh\u00f6ren z. B. &#8222;Das Bild des Monats&#8220; oder ausgew\u00e4hlte Artikel rund um die Fotografie aus der Rubrik &#8222;Aktuelles&#8220;. F\u00fcr die Versendung des Newsletters wird &#8222;The Newsletter Plugin&#8220; <span style=\"color: #0000ff;\"><strong><a style=\"color: #0000ff;\" href=\"http:\/\/www.thenewsletterplugin.com\">www.thenewsletterplugin.com<\/a> <\/strong><\/span>eingesetzt. F\u00fcr die Anmeldung zum Newsletter wird das sogenannte Double-Opt-In-Verfahren eingesetzt. Das hei\u00dft, dass nach Ihrer Anmeldung eine E-Mail an die angegebene E-Mail-Adresse gesendet wird, in der Sie um die Best\u00e4tigung gebeten werden, dass Sie den Versand des Newsletters w\u00fcnschen. Das soll gew\u00e4hrleisten, dass auch nur derjenige den Newsletter erh\u00e4lt, der ihn auch wirklich haben will. F\u00fcr den Versand des Newsletters wird nur Ihre E-Mail-Adresse ben\u00f6tigt.<\/p>\n<p>&nbsp;<\/p>\n<h4><span style=\"color: #000000;\">Reichweitenmessung &amp; Cookies<\/span><\/h4>\n<p><span style=\"color: #000000;\">Diese Website verwendet Cookies zur pseudonymisierten Reichweitenmessung, die entweder vom Server oder dem Server Dritter an den Browser des Nutzers \u00fcbertragen werden. Bei Cookies handelt es sich um kleine Dateien, die auf Ihrem Endger\u00e4t gespeichert werden. Ihr Browser greift auf diese Dateien zu. Durch den Einsatz von Cookies erh\u00f6ht sich die Benutzerfreundlichkeit und Sicherheit dieser Website.<\/span><\/p>\n<p><span style=\"color: #000000;\">Falls Sie nicht m\u00f6chten, dass Cookies zur Reichweitenmessung auf Ihrem Endger\u00e4t gespeichert werden, k\u00f6nnen Sie dem Einsatz dieser Dateien hier widersprechen:<\/span><\/p>\n<ul>\n<li><span style=\"color: #000000;\">Cookie-Deaktivierungsseite der Netzwerkwerbeinitiative: <u><a style=\"color: #000000;\" href=\"http:\/\/optout.networkadvertising.org\/?c=1#!\/\">http:\/\/optout.networkadvertising.org\/?c=1#!\/<\/a><\/u><\/span><\/li>\n<li><span style=\"color: #000000;\">Cookie-Deaktivierungsseite der US-amerikanischen Website: <u><a style=\"color: #000000;\" href=\"http:\/\/optout.aboutads.info\/?c=2#!\/\">http:\/\/optout.aboutads.info\/?c=2#!\/<\/a><\/u><\/span><\/li>\n<li><span style=\"color: #000000;\">Cookie-Deaktivierungsseite der europ\u00e4ischen Website: <u><a style=\"color: #000000;\" href=\"http:\/\/optout.networkadvertising.org\/?c=1#!\/\">http:\/\/optout.networkadvertising.org\/?c=1#!\/<\/a><\/u><\/span><\/li>\n<\/ul>\n<p>&nbsp;<\/p>\n<p><span style=\"color: #000000;\">G\u00e4ngige Browser bieten die Einstellungsoption, Cookies nicht zuzulassen. Hinweis: Es ist nicht gew\u00e4hrleistet, dass Sie auf alle Funktionen dieser Website ohne Einschr\u00e4nkungen zugreifen k\u00f6nnen, wenn Sie entsprechende Einstellungen vornehmen.<\/span><\/p>\n<p>&nbsp;<\/p>\n<h4><span style=\"color: #000000;\">Erfassung und Verarbeitung personenbezogener Daten<\/span><\/h4>\n<p><span style=\"color: #000000;\">Der Websitebetreiber erhebt, nutzt und gibt Ihre personenbezogenen Daten nur dann weiter, wenn dies im gesetzlichen Rahmen erlaubt ist oder Sie in die Datenerhebung einwilligen.<\/span><\/p>\n<p><span style=\"color: #000000;\">Als personenbezogene Daten gelten s\u00e4mtliche Informationen, die dazu dienen, Ihre Person zu bestimmen und welche zu Ihnen zur\u00fcckverfolgt werden k\u00f6nnen \u2013 also beispielsweise Ihr Name, Ihre E-Mail-Adresse und Telefonnummer.<\/span><\/p>\n<p><span style=\"color: #000000;\">Diese Website k\u00f6nnen Sie auch besuchen, ohne Angaben zu Ihrer Person zu machen. Zur Verbesserung unseres Online-Angebotes speichern wir jedoch (ohne Personenbezug) Ihre Zugriffsdaten auf diese Website. Zu diesen Zugriffsdaten geh\u00f6ren z. B. die von Ihnen angeforderte Datei oder der Name Ihres Internet-Providers. Durch die Anonymisierung der Daten sind R\u00fcckschl\u00fcsse auf Ihre Person nicht m\u00f6glich.<\/span><\/p>\n<p><span style=\"color: #000000;\">Wir verarbeiten personenbezogene Daten wie Vorname, Nachname, IP-Adresse, E-Mail-Adresse, Wohnort, Postleitzahl und Inhaltsangaben aus dem Kontaktformular.<\/span><\/p>\n<p>&nbsp;<\/p>\n<h4><span style=\"color: #000000;\">Umgang mit Kontaktdaten<\/span><\/h4>\n<p><span style=\"color: #000000;\">Nehmen Sie mit mir als Websitebetreiber durch die angebotenen Kontaktm\u00f6glichkeiten Verbindung auf, werden Ihre Angaben gespeichert, damit auf diese zur Bearbeitung und Beantwortung Ihrer Anfrage zur\u00fcckgegriffen werden kann. Ohne Ihre Einwilligung werden diese Daten nicht an Dritte weitergegeben.<\/span><\/p>\n<p>&nbsp;<\/p>\n<h4><span style=\"color: #000000;\">Umgang mit Kommentaren und Beitr\u00e4gen<\/span><\/h4>\n<p><span style=\"color: #000000;\">Hinterlassen Sie auf dieser Website einen Beitrag oder Kommentar, wird Ihre IP-Adresse gespeichert. Dies erfolgt aufgrund unserer berechtigten Interessen und dient der Sicherheit von mir als Websitebetreiber: Denn sollte Ihr Kommentar gegen geltendes Recht versto\u00dfen, k\u00f6nnen wir daf\u00fcr belangt werden, weshalb wir ein Interesse an der Identit\u00e4t des Kommentar- bzw. Beitragsautors haben.<em>\u00a0<\/em><\/span><\/p>\n<p>&nbsp;<\/p>\n<h4><span style=\"color: #000000;\">Rechte des Nutzers<\/span><\/h4>\n<p><span style=\"color: #000000;\">Sie haben als Nutzer das Recht, auf Antrag eine kostenlose Auskunft dar\u00fcber zu erhalten, welche personenbezogenen Daten \u00fcber Sie gespeichert wurden. Sie haben au\u00dferdem das Recht auf Berichtigung falscher Daten und auf die Verarbeitungseinschr\u00e4nkung oder L\u00f6schung Ihrer personenbezogenen Daten. Falls zutreffend, k\u00f6nnen Sie auch Ihr Recht auf Datenportabilit\u00e4t geltend machen. Sollten Sie annehmen, dass Ihre Daten unrechtm\u00e4\u00dfig verarbeitet wurden, k\u00f6nnen Sie eine Beschwerde bei der zust\u00e4ndigen Aufsichtsbeh\u00f6rde einreichen.<\/span><\/p>\n<p>&nbsp;<\/p>\n<h4><span style=\"color: #000000;\">L\u00f6schung von Daten<\/span><\/h4>\n<p><span style=\"color: #000000;\">Sofern Ihr Wunsch nicht mit einer gesetzlichen Pflicht zur Aufbewahrung von Daten (z. B. Vorratsdatenspeicherung) kollidiert, haben Sie ein Anrecht auf L\u00f6schung Ihrer Daten. Von uns gespeicherte Daten werden, sollten sie f\u00fcr ihre Zweckbestimmung nicht mehr vonn\u00f6ten sein und es keine gesetzlichen Aufbewahrungsfristen geben, gel\u00f6scht. Falls eine L\u00f6schung nicht durchgef\u00fchrt werden kann, da die Daten f\u00fcr zul\u00e4ssige gesetzliche Zwecke erforderlich sind, erfolgt eine Einschr\u00e4nkung der Datenverarbeitung. In diesem Fall werden die Daten gesperrt und nicht f\u00fcr andere Zwecke verarbeitet.<\/span><\/p>\n<p>&nbsp;<\/p>\n<h4><span style=\"color: #000000;\">Widerspruchsrecht<\/span><\/h4>\n<p><span style=\"color: #000000;\">Nutzer dieser Webseite k\u00f6nnen von ihrem Widerspruchsrecht Gebrauch machen und der Verarbeitung ihrer personenbezogenen Daten zu jeder Zeit widersprechen.<\/span><\/p>\n<p><span style=\"color: #000000;\">Wenn Sie eine Berichtigung, Sperrung, L\u00f6schung oder Auskunft \u00fcber die zu Ihrer Person gespeicherten personenbezogenen Daten w\u00fcnschen oder Fragen bzgl. der Erhebung, Verarbeitung oder Verwendung Ihrer personenbezogenen Daten haben oder erteilte Einwilligungen widerrufen m\u00f6chten, wenden Sie sich bitte an folgende E-Mail-Adresse:\u00a0<span style=\"color: #0000ff;\"><a style=\"color: #0000ff;\" href=\"mailto:info@portius-fotografie.com\">mailto:info@portius-fotografie.com<\/a><\/span><\/span><\/p>\n<p><span style=\"color: #000000;\"><em>\u00a0<\/em><\/span><\/p>\n<p><span style=\"color: #000000;\">Dazu geh\u00f6ren beispielsweise Informationen \u00fcber<\/span><\/p>\n<ul>\n<li><span style=\"color: #000000;\">Die Weitergabe von Daten an Dritte und Drittanbieter<\/span><\/li>\n<li><span style=\"color: #000000;\">Einbindungen von Diensten und Inhalten Dritter (z. B. Google-Fonts oder YouTube-Videos)<\/span><\/li>\n<li><span style=\"color: #000000;\">Erbringung vertraglicher Leistungen<\/span><\/li>\n<li><span style=\"color: #000000;\">Kontaktaufnahme \u00fcber das Kontaktformular<\/span><\/li>\n<li><span style=\"color: #000000;\">Verwendung von Session-Cookies<\/span><\/li>\n<li><span style=\"color: #000000;\">Einsatz von datenverarbeitenden Anti-Spam-Plugins<\/span><\/li>\n<\/ul>\n<p>[\/vc_column_text][\/vc_column][\/vc_row]<\/p>\n<\/div>","protected":false},"excerpt":{"rendered":"<p>[vc_row][vc_column][vc_column_text]Datenschutz[\/vc_column_text][vc_column_text] Grundlegendes Diese Datenschutzerkl\u00e4rung soll die Nutzer dieser Website \u00fcber die Art, den Umfang und den Zweck der Erhebung und Verwendung personenbezogener Daten durch den Websitebetreiber J\u00f6rg Portius, 93892 Mellanstr\u00f6m, Schweden, informieren. Der Websitebetreiber nimmt Ihren Datenschutz sehr ernst und behandelt Ihre personenbezogenen Daten vertraulich und entsprechend der gesetzlichen Vorschriften. Da durch neue Technologien und&hellip;<\/p>\n","protected":false},"author":1,"featured_media":0,"parent":0,"menu_order":0,"comment_status":"closed","ping_status":"closed","template":"","meta":{"_acf_changed":false,"footnotes":""},"class_list":["post-2089","page","type-page","status-publish","hentry"],"acf":[],"_links":{"self":[{"href":"https:\/\/portius-fotografie.com\/index.php?rest_route=\/wp\/v2\/pages\/2089","targetHints":{"allow":["GET"]}}],"collection":[{"href":"https:\/\/portius-fotografie.com\/index.php?rest_route=\/wp\/v2\/pages"}],"about":[{"href":"https:\/\/portius-fotografie.com\/index.php?rest_route=\/wp\/v2\/types\/page"}],"author":[{"embeddable":true,"href":"https:\/\/portius-fotografie.com\/index.php?rest_route=\/wp\/v2\/users\/1"}],"replies":[{"embeddable":true,"href":"https:\/\/portius-fotografie.com\/index.php?rest_route=%2Fwp%2Fv2%2Fcomments&post=2089"}],"version-history":[{"count":15,"href":"https:\/\/portius-fotografie.com\/index.php?rest_route=\/wp\/v2\/pages\/2089\/revisions"}],"predecessor-version":[{"id":5795,"href":"https:\/\/portius-fotografie.com\/index.php?rest_route=\/wp\/v2\/pages\/2089\/revisions\/5795"}],"wp:attachment":[{"href":"https:\/\/portius-fotografie.com\/index.php?rest_route=%2Fwp%2Fv2%2Fmedia&parent=2089"}],"curies":[{"name":"wp","href":"https:\/\/api.w.org\/{rel}","templated":true}]}}