{"id":659,"date":"2018-01-27T22:13:44","date_gmt":"2018-01-27T22:13:44","guid":{"rendered":"http:\/\/portius-fotografie.com\/?page_id=659"},"modified":"2023-10-01T11:36:26","modified_gmt":"2023-10-01T09:36:26","slug":"biografie","status":"publish","type":"page","link":"https:\/\/portius-fotografie.com\/?page_id=659","title":{"rendered":"Biografie"},"content":{"rendered":"<div class=\"wpb-content-wrapper\"><p>[vc_row][vc_column][vc_column_text]<\/p>\n<h2 style=\"text-align: center;\">Biografie<\/h2>\n<p>[\/vc_column_text][\/vc_column][\/vc_row][vc_row][vc_column width=&#8220;1\/4&#8243;][vc_single_image image=&#8220;958&#8243; img_size=&#8220;large&#8220; onclick=&#8220;link_image&#8220;][vc_single_image image=&#8220;956&#8243; img_size=&#8220;large&#8220; onclick=&#8220;link_image&#8220;][vc_single_image image=&#8220;968&#8243; img_size=&#8220;large&#8220; onclick=&#8220;link_image&#8220;][vc_single_image image=&#8220;2226&#8243; img_size=&#8220;large&#8220; onclick=&#8220;link_image&#8220;][vc_single_image image=&#8220;2308&#8243; img_size=&#8220;full&#8220; onclick=&#8220;link_image&#8220;][vc_single_image image=&#8220;3044&#8243; img_size=&#8220;full&#8220; onclick=&#8220;link_image&#8220;][vc_single_image image=&#8220;3050&#8243; img_size=&#8220;full&#8220; onclick=&#8220;link_image&#8220;][vc_single_image image=&#8220;3246&#8243; img_size=&#8220;full&#8220; onclick=&#8220;link_image&#8220;][vc_single_image image=&#8220;3248&#8243; img_size=&#8220;full&#8220; onclick=&#8220;link_image&#8220;][\/vc_column][vc_column width=&#8220;1\/2&#8243;][vc_column_text]<\/p>\n<p style=\"text-align: justify;\"><span style=\"color: #000000;\">\u201e<i>Ich hatte mich nicht verirrt. Ich wusste nur einfach ein paar Wochen lang nicht, wo ich war.\u201c<\/i> Das sagte einst der legend\u00e4re Mountain Man Jim Bridger (1804 \u2013 1881). Er beschreibt damit eine Situation, in der ich mich Ende der achtziger Jahre nach erfolgreichem \u201eBau\u201c meines Abiturs befand. Wo soll es mit mir hingehen? Ich hatte keine Ahnung. Eines wusste ich jedoch: Ich wollte nicht ernsthaft und unmittelbar das Klassenzimmer gegen den H\u00f6rsaal tauschen. Also packte ich meinen Rucksack und machte mich f\u00fcr Monate auf nach Alaska und Kanada, entdeckte dort nicht nur die Wildnis, sondern auch das Fotografieren und Schreiben (das l\u00e4sst sich jetzt sehr viel leichter formulieren, als es damals in Bezug auf die Umsetzung tats\u00e4chlich war).<\/span><\/p>\n<p style=\"text-align: justify;\"><span style=\"color: #000000;\">Es folgten ebenso unruhige wie faszinierende Jahre, in denen ich u. a. als Tourenf\u00fchrer und Expeditionsleiter arbeitete. Gr\u00f6nland, Island, Norwegen, Kanada, USA, Schweden \u2013 L\u00e4nder, in denen ich meine Zelte aufbaute, Kanus steuerte, Rucks\u00e4cke und Fotoausr\u00fcstung schleppte. Mein Zweiklang in diesen Jahren war einerseits eine Flut von unvergessenen Erfahrungen, Eindr\u00fccken sowie Begegnungen und andererseits eine hartn\u00e4ckige Ebbe auf dem Konto.<\/span><\/p>\n<p style=\"text-align: justify;\" align=\"JUSTIFY\"><span style=\"color: #000000;\"><a style=\"color: #000000;\" name=\"_GoBack\"><\/a>Es folgte die \u201eVernunftphase\u201c: Studium der Journalistik, der Fotografie sowie von Film- und Fernsehen in Deutschland. Mit diesen Formalien in der Tasche T\u00e4tigkeit als Redakteur, Leiter von Presse- und Stabsstellen, Pressesprecher, Wirtschaftsf\u00f6rderer und \u201eMann f\u00fcr besondere Projektaufgaben\u201c. Zwischendurch Familiengr\u00fcndung (das allergr\u00f6\u00dfte Abenteuer!) und BWL-Zweitstudium.\u00a0<\/span><\/p>\n<p style=\"text-align: justify;\" align=\"JUSTIFY\"><span style=\"color: #000000;\">Wohin die Reise des Lebens noch f\u00fchrt? Mal sehen, mittlerweile befindet sich unser Lebensmittelpunkt in Schwedisch-Lappland. \ud83d\ude09<\/span><\/p>\n<p>[\/vc_column_text][vc_column_text]<\/p>\n<h1 style=\"text-align: center;\"><\/h1>\n<p>[\/vc_column_text][vc_single_image image=&#8220;953&#8243; img_size=&#8220;large&#8220; onclick=&#8220;link_image&#8220;][vc_single_image image=&#8220;963&#8243; img_size=&#8220;full&#8220; onclick=&#8220;link_image&#8220;][vc_single_image image=&#8220;1382&#8243; img_size=&#8220;full&#8220; onclick=&#8220;link_image&#8220;][vc_single_image image=&#8220;960&#8243; img_size=&#8220;large&#8220; onclick=&#8220;link_image&#8220;][vc_single_image image=&#8220;3046&#8243; img_size=&#8220;large&#8220; onclick=&#8220;link_image&#8220;][vc_single_image image=&#8220;4548&#8243; img_size=&#8220;400&#215;600&#8243; alignment=&#8220;center&#8220; onclick=&#8220;link_image&#8220;][\/vc_column][vc_column width=&#8220;1\/4&#8243;][vc_single_image image=&#8220;496&#8243; img_size=&#8220;full&#8220; onclick=&#8220;link_image&#8220;][vc_single_image image=&#8220;946&#8243; img_size=&#8220;large&#8220; onclick=&#8220;link_image&#8220;][vc_single_image image=&#8220;3245&#8243; img_size=&#8220;large&#8220; onclick=&#8220;link_image&#8220;][vc_single_image image=&#8220;957&#8243; img_size=&#8220;large&#8220; onclick=&#8220;link_image&#8220;][vc_single_image image=&#8220;1150&#8243; img_size=&#8220;large&#8220; onclick=&#8220;link_image&#8220;][vc_single_image image=&#8220;2059&#8243; img_size=&#8220;large&#8220; onclick=&#8220;link_image&#8220;][vc_single_image image=&#8220;3047&#8243; img_size=&#8220;large&#8220; onclick=&#8220;link_image&#8220;][vc_single_image image=&#8220;1149&#8243; img_size=&#8220;large&#8220; onclick=&#8220;link_image&#8220;][\/vc_column][\/vc_row]<\/p>\n<\/div>","protected":false},"excerpt":{"rendered":"<p>[vc_row][vc_column][vc_column_text] Biografie [\/vc_column_text][\/vc_column][\/vc_row][vc_row][vc_column width=&#8220;1\/4&#8243;][vc_single_image image=&#8220;958&#8243; img_size=&#8220;large&#8220; onclick=&#8220;link_image&#8220;][vc_single_image image=&#8220;956&#8243; img_size=&#8220;large&#8220; onclick=&#8220;link_image&#8220;][vc_single_image image=&#8220;968&#8243; img_size=&#8220;large&#8220; onclick=&#8220;link_image&#8220;][vc_single_image image=&#8220;2226&#8243; img_size=&#8220;large&#8220; onclick=&#8220;link_image&#8220;][vc_single_image image=&#8220;2308&#8243; img_size=&#8220;full&#8220; onclick=&#8220;link_image&#8220;][vc_single_image image=&#8220;3044&#8243; img_size=&#8220;full&#8220; onclick=&#8220;link_image&#8220;][vc_single_image image=&#8220;3050&#8243; img_size=&#8220;full&#8220; onclick=&#8220;link_image&#8220;][vc_single_image image=&#8220;3246&#8243; img_size=&#8220;full&#8220; onclick=&#8220;link_image&#8220;][vc_single_image image=&#8220;3248&#8243; img_size=&#8220;full&#8220; onclick=&#8220;link_image&#8220;][\/vc_column][vc_column width=&#8220;1\/2&#8243;][vc_column_text] \u201eIch hatte mich nicht verirrt. Ich wusste nur einfach ein paar Wochen lang nicht, wo ich war.\u201c Das sagte einst der legend\u00e4re Mountain&hellip;<\/p>\n","protected":false},"author":1,"featured_media":0,"parent":0,"menu_order":0,"comment_status":"closed","ping_status":"closed","template":"","meta":{"_acf_changed":false,"footnotes":""},"class_list":["post-659","page","type-page","status-publish","hentry"],"acf":[],"_links":{"self":[{"href":"https:\/\/portius-fotografie.com\/index.php?rest_route=\/wp\/v2\/pages\/659","targetHints":{"allow":["GET"]}}],"collection":[{"href":"https:\/\/portius-fotografie.com\/index.php?rest_route=\/wp\/v2\/pages"}],"about":[{"href":"https:\/\/portius-fotografie.com\/index.php?rest_route=\/wp\/v2\/types\/page"}],"author":[{"embeddable":true,"href":"https:\/\/portius-fotografie.com\/index.php?rest_route=\/wp\/v2\/users\/1"}],"replies":[{"embeddable":true,"href":"https:\/\/portius-fotografie.com\/index.php?rest_route=%2Fwp%2Fv2%2Fcomments&post=659"}],"version-history":[{"count":63,"href":"https:\/\/portius-fotografie.com\/index.php?rest_route=\/wp\/v2\/pages\/659\/revisions"}],"predecessor-version":[{"id":5796,"href":"https:\/\/portius-fotografie.com\/index.php?rest_route=\/wp\/v2\/pages\/659\/revisions\/5796"}],"wp:attachment":[{"href":"https:\/\/portius-fotografie.com\/index.php?rest_route=%2Fwp%2Fv2%2Fmedia&parent=659"}],"curies":[{"name":"wp","href":"https:\/\/api.w.org\/{rel}","templated":true}]}}