{"id":666,"date":"2018-01-27T22:17:00","date_gmt":"2018-01-27T22:17:00","guid":{"rendered":"http:\/\/portius-fotografie.com\/?page_id=666"},"modified":"2023-10-01T11:13:16","modified_gmt":"2023-10-01T09:13:16","slug":"impressum","status":"publish","type":"page","link":"https:\/\/portius-fotografie.com\/?page_id=666","title":{"rendered":"Impressum"},"content":{"rendered":"<div class=\"wpb-content-wrapper\"><p>[vc_row][vc_column][vc_column_text]<span style=\"color: #000000;\"><strong>IMPRESSUM<\/strong><\/span>[\/vc_column_text][vc_column_text]<span style=\"color: #000000;\">Diese Website ist ein journalistisch-redaktionell gestaltetes Angebot von<\/span><\/p>\n<p><span style=\"color: #000000;\">J\u00f6rg Portius<\/span><br \/>\n<span style=\"color: #000000;\">Innervik 12<\/span><br \/>\n<span style=\"color: #000000;\">93892 Mellanstr\u00f6m<img loading=\"lazy\" decoding=\"async\" src=\"https:\/\/ssl-vg03.met.vgwort.de\/na\/733a73272bb54643aaa6374762746389\" width=\"1\" height=\"1\" data-no-lazy=\"1\" \/><\/span><\/p>\n<p><span style=\"color: #000000;\">Schweden<\/span><\/p>\n<p><span style=\"color: #000000;\">Telefon: +46 725 314111<\/span><\/p>\n<p><span style=\"color: #000000;\">Telefon: +49 173 6459347<\/span><\/p>\n<p><span style=\"color: #000000;\">E-Mail: info@portius-fotografie.com<\/span><\/p>\n<p><span style=\"color: #000000;\">Instagram: @joergportius<\/span><\/p>\n<p><span style=\"color: #000000;\">Momsnr.: SE302393808101<\/span><\/p>\n<p><a href=\"http:\/\/portius-fotografie.com\/?page_id=48\"><span style=\"color: #0000ff;\">Kontaktformular<\/span><\/a><\/p>\n<p><span style=\"color: #000000;\"><strong>Haftungsbeschr\u00e4nkung<\/strong><\/span><\/p>\n<p><span style=\"text-decoration: underline;\"><span style=\"color: #333333; font-family: 'Helvetica',sans-serif; font-size: 10.5pt; text-decoration: underline;\">Inhalte<\/span><\/span><\/p>\n<p><span style=\"color: #333333; font-family: 'Helvetica',sans-serif; font-size: 10.5pt;\">Die Inhalte dieser Website werden mit gr\u00f6\u00dfter Sorgfalt erstellt. Der Anbieter \u00fcbernimmt jedoch keine Gew\u00e4hr f\u00fcr die Richtigkeit, Vollst\u00e4ndigkeit und Aktualit\u00e4t der bereitgestellten Inhalte. Die Nutzung der abrufbaren Inhalte seitens des Nutzers erfolgt auf eigene Gefahr. Etwaige namentlich gekennzeichnete Beitr\u00e4ge Dritter geben die Meinung des jeweiligen Autors und nicht immer die Meinung des Anbieters wieder.<\/span><\/p>\n<p><span style=\"color: #000000; text-decoration: underline;\"><span style=\"font-family: 'Helvetica',sans-serif; font-size: 10.5pt;\"><span style=\"font-family: 'Helvetica',sans-serif; font-size: 10.5pt;\">Verf\u00fcgbarkeit der Website<\/span><\/span><\/span><\/p>\n<p><span style=\"color: #000000; font-family: 'Helvetica',sans-serif; font-size: 10.5pt;\">Der Anbieter bem\u00fcht sich, den Dienst m\u00f6glichst unterbrechungsfrei zum Abruf anzubieten.\u00a0Bei aller Sorgfalt k\u00f6nnen Ausfallzeiten jedoch trotzdem nicht ausgeschlossen werden. Der Anbieter beh\u00e4lt sich das Recht vor, sein Angebot jederzeit zu \u00e4ndern oder einzustellen.<\/span><\/p>\n<p><span style=\"color: #000000; text-decoration: underline;\"><span style=\"font-family: 'Helvetica',sans-serif; font-size: 10.5pt;\">Kein Vertragsverh\u00e4ltnis<\/span><\/span><\/p>\n<p><span style=\"color: #000000; font-family: 'Helvetica',sans-serif; font-size: 10.5pt;\">Mit der Nutzung dieser Website kommt keinerlei Vertragsverh\u00e4ltnis zwischen dem Nutzer und dem Anbieter zustande. Insofern ergeben sich auch keinerlei vertragliche oder quasivertragliche Anspr\u00fcche gegen den Anbieter. <\/span><\/p>\n<p><span style=\"color: #000000; text-decoration: underline;\"><span style=\"font-family: 'Helvetica',sans-serif; font-size: 10.5pt;\">Externe Links<\/span><\/span><\/p>\n<p><span style=\"color: #000000; font-family: 'Helvetica',sans-serif; font-size: 10.5pt;\">Diese Website enth\u00e4lt Verkn\u00fcpfungen (&#8222;externe Links&#8220;) zu Websites Dritter. Diese Websites unterliegen der Haftung der jeweiligen Betreiber. Der Anbieter hat bei der erstmaligen Verkn\u00fcpfung der externen Links die fremden Inhalte daraufhin \u00fcberpr\u00fcft, ob\u00a0m\u00f6gliche Rechtsverst\u00f6\u00dfe bestehen. Zum Zeitpunkt der Verkn\u00fcpfung waren keine Rechtsverst\u00f6\u00dfe ersichtlich. Der Anbieter hat in keinster Weise Einfluss auf die aktuelle und zuk\u00fcnftige Gestaltung\u00a0sowie auf die Inhalte der verkn\u00fcpften Seiten. Das Setzen von externen Links bedeutet nicht, dass sich der Anbieter die\u00a0hinter dem Link liegenden Inhalte zu Eigen macht. Eine\u00a0permanente Kontrolle dieser externen Links ist f\u00fcr den Anbieter ohne konkrete Hinweise auf Rechtsverst\u00f6\u00dfe nicht zumutbar. Bei Kenntnis von Rechtsverst\u00f6\u00dfen werden derartige externe Links jedoch unverz\u00fcglich gel\u00f6scht. <\/span><\/p>\n<p><span style=\"color: #000000;\"><strong>Urheberrecht<\/strong><\/span><\/p>\n<p><span style=\"color: #000000; font-family: 'Helvetica',sans-serif; font-size: 10.5pt;\"><strong>Die auf dieser Website ver\u00f6ffentlichten Inhalte und Werke (Fotos und Texte) sind urheberrechtlich gesch\u00fctzt. Das Urheberrecht liegt bei J\u00f6rg Portius. <span style=\"font-family: Helvetica;\">Bitte nehmen Sie bei Interesse an Fotos oder Texten\u00a0Kontakt zum Anbieter auf\u00a0(siehe oben).<\/span><\/strong>\u00a0Jede vom deutschen Urheberrecht nicht zugelassene Verwertung bedarf der vorherigen schriftlichen Zustimmung des Urhebers oder Autors. Dies gilt insbesondere f\u00fcr Vervielf\u00e4ltigung, Bearbeitung, Einspeicherung, \u00dcbersetzung,\u00a0Verarbeitung bzw. Wiedergabe von Inhalten in Datenbanken oder anderen elektronischen Medien und Systemen. Inhalte und Beitr\u00e4ge Dritter sind dabei als solche gekennzeichnet. Die unerlaubte Vervielf\u00e4ltigung oder Weitergabe einzelner Inhalte oder kompletter Seiten ist nicht gestattet und strafbar. <span style=\"font-family: 'Helvetica',sans-serif; font-size: 10.5pt;\"><span style=\"font-family: 'Helvetica',sans-serif; font-size: 10.5pt;\"><span style=\"font-family: 'Helvetica',sans-serif; font-size: 10.5pt;\">Lediglich die Herstellung von Kopien und Downloads f\u00fcr den pers\u00f6nlichen, privaten und nicht kommerziellen Gebrauch ist erlaubt. <\/span><\/span><\/span><\/span><\/p>\n<p><span style=\"color: #000000; font-family: 'Helvetica',sans-serif; font-size: 10.5pt;\">Links zur Website des Anbieters sind jederzeit willkommen und bed\u00fcrfen keiner Zustimmung durch den Anbieter dieser Website. Die Darstellung der Website in fremden Frames ist nur mit Erlaubnis zul\u00e4ssig.<\/span><\/p>\n<p><span style=\"color: #000000;\"><strong>Datenschutz<\/strong><\/span><\/p>\n<p><span style=\"color: #000000; font-family: 'Helvetica',sans-serif; font-size: 10.5pt;\"> Die Nutzung\u00a0dieser Webseite ist in\u00a0aller Regel ohne die Angabe von personenbezogenen Daten m\u00f6glich. Soweit auf der Website personenbezogene Daten (zum Beispiel Name, Anschrift, Telefonnummer oder Mail-Adresse) erhoben werden, erfolgt dies, soweit m\u00f6glich, stets auf freiwilliger Basis. Diese Daten werden ohne ausdr\u00fcckliche Zustimmung des Nutzers nicht an Dritte weitergegeben.<\/span><\/p>\n<p><span style=\"color: #000000; font-family: 'Helvetica',sans-serif; font-size: 10.5pt;\">Der Anbieter weist ausdr\u00fccklich darauf hin, dass die Daten\u00fcbertragung im Internet (zum\u00a0Beispiel bei der Kommunikation per E-Mail) Sicherheitsl\u00fccken aufweisen und nicht l\u00fcckenlos vor dem Zugriff durch Dritte gesch\u00fctzt werden kann.<\/span><\/p>\n<p><span style=\"color: #000000; font-family: 'Helvetica',sans-serif; font-size: 10.5pt;\"> <span style=\"font-family: 'Helvetica',sans-serif; font-size: 10.5pt;\">Die Verwendung der Kontaktdaten der Anbieterkennzeichnung &#8211; insbesondere Anschrift, Telefonnummer und E-Mail-Adresse &#8211; zur gewerblichen Werbung ist ausdr\u00fccklich nicht erw\u00fcnscht. Es sei denn, der Anbieter hat zuvor seine schriftliche Einwilligung erteilt oder es besteht bereits ein gesch\u00e4ftlicher Kontakt. Der Anbieter und alle auf dieser Website genannten Personen widersprechen hiermit jeder kommerziellen Verwendung und Weitergabe ihrer Daten.<\/span><\/span><\/p>\n<p>[\/vc_column_text][\/vc_column][\/vc_row]<\/p>\n<\/div>","protected":false},"excerpt":{"rendered":"<p>[vc_row][vc_column][vc_column_text]IMPRESSUM[\/vc_column_text][vc_column_text]Diese Website ist ein journalistisch-redaktionell gestaltetes Angebot von J\u00f6rg Portius Innervik 12 93892 Mellanstr\u00f6m Schweden Telefon: +46 725 314111 Telefon: +49 173 6459347 E-Mail: info@portius-fotografie.com Instagram: @joergportius Momsnr.: SE302393808101 Kontaktformular Haftungsbeschr\u00e4nkung Inhalte Die Inhalte dieser Website werden mit gr\u00f6\u00dfter Sorgfalt erstellt. Der Anbieter \u00fcbernimmt jedoch keine Gew\u00e4hr f\u00fcr die Richtigkeit, Vollst\u00e4ndigkeit und Aktualit\u00e4t der bereitgestellten&hellip;<\/p>\n","protected":false},"author":1,"featured_media":0,"parent":0,"menu_order":0,"comment_status":"closed","ping_status":"closed","template":"","meta":{"_acf_changed":false,"footnotes":""},"class_list":["post-666","page","type-page","status-publish","hentry"],"acf":[],"_links":{"self":[{"href":"https:\/\/portius-fotografie.com\/index.php?rest_route=\/wp\/v2\/pages\/666","targetHints":{"allow":["GET"]}}],"collection":[{"href":"https:\/\/portius-fotografie.com\/index.php?rest_route=\/wp\/v2\/pages"}],"about":[{"href":"https:\/\/portius-fotografie.com\/index.php?rest_route=\/wp\/v2\/types\/page"}],"author":[{"embeddable":true,"href":"https:\/\/portius-fotografie.com\/index.php?rest_route=\/wp\/v2\/users\/1"}],"replies":[{"embeddable":true,"href":"https:\/\/portius-fotografie.com\/index.php?rest_route=%2Fwp%2Fv2%2Fcomments&post=666"}],"version-history":[{"count":31,"href":"https:\/\/portius-fotografie.com\/index.php?rest_route=\/wp\/v2\/pages\/666\/revisions"}],"predecessor-version":[{"id":5792,"href":"https:\/\/portius-fotografie.com\/index.php?rest_route=\/wp\/v2\/pages\/666\/revisions\/5792"}],"wp:attachment":[{"href":"https:\/\/portius-fotografie.com\/index.php?rest_route=%2Fwp%2Fv2%2Fmedia&parent=666"}],"curies":[{"name":"wp","href":"https:\/\/api.w.org\/{rel}","templated":true}]}}