{"id":710,"date":"2018-02-13T20:06:50","date_gmt":"2018-02-13T20:06:50","guid":{"rendered":"http:\/\/portius-fotografie.com\/?page_id=710"},"modified":"2022-12-18T11:39:01","modified_gmt":"2022-12-18T09:39:01","slug":"buchtipps","status":"publish","type":"page","link":"https:\/\/portius-fotografie.com\/?page_id=710","title":{"rendered":"Buchtipps"},"content":{"rendered":"<div class=\"wpb-content-wrapper\"><p>[vc_row][vc_column][vc_column_text]<\/p>\n<h1 style=\"text-align: center;\"><span style=\"color: #000000;\">Buchtipps<\/span><\/h1>\n<p>[\/vc_column_text][\/vc_column][\/vc_row][vc_row][vc_column width=&#8220;1\/4&#8243;][\/vc_column][vc_column width=&#8220;1\/4&#8243;][vc_single_image image=&#8220;940&#8243; img_size=&#8220;medium&#8220; onclick=&#8220;link_image&#8220;][\/vc_column][vc_column width=&#8220;1\/4&#8243;][vc_single_image image=&#8220;942&#8243; img_size=&#8220;medium&#8220; onclick=&#8220;link_image&#8220;][\/vc_column][vc_column width=&#8220;1\/4&#8243;][\/vc_column][\/vc_row][vc_row][vc_column width=&#8220;1\/4&#8243;][\/vc_column][vc_column width=&#8220;1\/2&#8243;][vc_column_text]<\/p>\n<p style=\"text-align: center;\"><span style=\"color: #000000;\"><em>Buch, so ich dich schlie\u00dfe, schlag ich das Leben auf.<\/em><\/span><\/p>\n<p style=\"text-align: center;\"><span style=\"color: #000000;\"><a style=\"color: #000000;\" name=\"_GoBack\"><\/a><i>(P. Neruda, Ode an das Buch)<\/i><\/span><\/p>\n<p>[\/vc_column_text][\/vc_column][vc_column width=&#8220;1\/4&#8243;][\/vc_column][\/vc_row][vc_row][vc_column][vc_column_text]<\/p>\n<p align=\"JUSTIFY\"><span style=\"color: #000000;\">Reisebeschreibungen, Expeditionsberichte, Sachb\u00fccher, Romane und Bildb\u00e4nde, die (meist) den hohen Norden von Alaska \u00fcber Kanada und Gr\u00f6nland bis nach Lappland thematisieren, begleiten mich seit meiner Teenagerzeit. Nicht selten waren und sind sie Inspirationsquelle f\u00fcr meine eigenen Unternehmungen, nicht selten habe ich auch noch nach zwanzig Jahren Schilderungen und Ereignisse im Kopf, die ich zwischen den Buchdeckeln entdecken durfte. Die folgenden Buchtipps m\u00f6gen vielleicht f\u00fcr den einen oder anderen eine Anregung sein.<\/span><\/p>\n<p align=\"JUSTIFY\"><span style=\"color: #000000;\">Die Quellennachweise spiegeln den Stand meiner B\u00fccherregale im Dezember 2022 wider. Einige der genannten Werke sind schon seit Jahren nicht mehr gelistet, es gibt Neuauflagen oder sie sind zwischenzeitlich bei einem anderen Verlag erschienen. Hier helfen der Buchhandel, Antiquariate und eigene Online-Recherchen weiter.<\/span><\/p>\n<p>[\/vc_column_text][vc_column_text]<span style=\"color: #000000;\">Rohrbach, Carmen: <u>Mein Blockhaus in Kanada.<\/u> 4. Aufl. M\u00fcnchen. Piper Verlag, 2020.<\/span><\/p>\n<p align=\"JUSTIFY\"><span style=\"color: #000000;\">Rex, Markus: <u>Eingefroren am Nordpol.<\/u> 2. Aufl. M\u00fcnchen. C. Bertelsmann Verlag, 2020.<\/span><\/p>\n<p align=\"JUSTIFY\"><span style=\"color: #000000;\">Lopez, Barry: <u>Arktische Tr\u00e4ume \u2013 Leben in der letzten Wildnis.<\/u> 1. Aufl. M\u00fcnchen: Deutscher Taschenbuch Verlag, 1989.<\/span><\/p>\n<p align=\"JUSTIFY\"><span style=\"color: #000000;\">Nansen, Fridtjof: <u>In Nacht und Eis. Die Norwegische Polarexpedition 1893 \u2013 1896.<\/u> 4. Aufl. Wiesbaden: Heinrich Albert Verlag, 1995.<\/span><\/p>\n<p align=\"JUSTIFY\"><span style=\"color: #000000;\">Meissner, Hans-Otto: <u>In Alaska bin ich Zar. Die Abenteuer des Alexander Baranow.<\/u> Lizenzausgabe. G\u00fctersloh: Bertelsmann, Reinhard Mohn OHG.<\/span><\/p>\n<p align=\"JUSTIFY\"><span style=\"color: #000000;\">Meissner, Hans-Otto: <u>\u2026immer noch 1000 Meilen zum Pazifik. Die Abenteuer des Alexander Mackenzie.<\/u> Lizenzausgabe. G\u00fctersloh: Bertelsmann, Reinhard Mohn OHG.<\/span><\/p>\n<p align=\"JUSTIFY\"><span style=\"color: #000000;\">Herrero, Stephen: <u>B\u00e4ren \u2013 J\u00e4ger und Gejagte in Amerikas Wildnis.<\/u> 1. Aufl. K\u00f6ln: Wienand Verlag, 1992.<\/span><\/p>\n<p align=\"JUSTIFY\"><span style=\"color: #000000;\">Helmericks, Constance und Harmon: <u>Unser Winter in Alaska.<\/u> Z\u00fcrich: B\u00fcchergilde Gutenberg, 1952.<\/span><\/p>\n<p align=\"JUSTIFY\"><span style=\"color: #000000;\">Nehberg, R\u00fcdiger: <u>Die Autobiographie.<\/u> M\u00fcnchen: Piper Verlag. Verlagsprogramm Malik, 2005.<\/span><\/p>\n<p align=\"JUSTIFY\"><span style=\"color: #000000;\">Cropp, Wolf-Ulrich: <u>Alaska-Fieber.<\/u> M\u00fcnchen: Frederking &amp; Thaler, 1989.<\/span><\/p>\n<p align=\"JUSTIFY\"><span style=\"color: #000000;\">Jones, Mike: <u>Sturzfahrt vom Everest.<\/u> M\u00fcnchen: Frederking &amp; Thaler, 1989.<\/span><\/p>\n<p align=\"JUSTIFY\"><span style=\"color: #000000;\">London, Jack: <u>Alaska-Erz\u00e4hlungen.<\/u> Frankfurt am Main: Fischer Taschenbuch Verlag, 1992.<\/span><\/p>\n<p align=\"JUSTIFY\"><span style=\"color: #000000;\">Ritter, Christiane: <u>Eine Frau erlebt die Polarnacht.<\/u> 10. Aufl. Frankfurt am Main; Berlin: Verlag Ullstein, 1991.<\/span><\/p>\n<p align=\"JUSTIFY\"><span style=\"color: #000000;\">Leo, Richard: <u>Jenseits aller Grenzen. Ein Mann, eine Frau, ein Kind in der Weite Alaskas.<\/u> Z\u00fcrich: Schweizer Verlagshaus, 1992.<\/span><\/p>\n<p align=\"JUSTIFY\"><span style=\"color: #000000;\">Krakauer, Jon: <u>In die Wildnis.<\/u> 2. Aufl. M\u00fcnchen: Piper Verlag, 1997.<\/span><\/p>\n<p align=\"JUSTIFY\"><span style=\"color: #000000;\">Johann, A. E.: <u>Die Wildnis aber schweigt.<\/u> Lizenzausgabe. G\u00fctersloh: Bertelsmann Club,1986.<\/span><\/p>\n<p align=\"JUSTIFY\"><span style=\"color: #000000;\">Hatfield, Fred: <u>N\u00f6rdlich der Sonne. Allein in den W\u00e4ldern Alaskas. Ein Trapperleben.<\/u> 3. Aufl. Z\u00fcrich: Oesch Verlag, 2002.<\/span><\/p>\n<p align=\"JUSTIFY\"><span style=\"color: #000000;\">Kreutzkamp, Dieter: <u>Husky-Trail. Mit Schlittenhunden durch Alaska.<\/u> M\u00fcnchen: Frederking &amp; Thaler, 1992.<\/span><\/p>\n<p align=\"JUSTIFY\"><span style=\"color: #000000;\">Meissner, Hans-Otto: <u>Im Zauber des Nordlichts. Reisen und Abenteuer am Polarkreis.<\/u> Lizenzausgabe. Stuttgart: Europ\u00e4ische Bildungsgemeinschaft Verlags-GmbH.<\/span><\/p>\n<p align=\"JUSTIFY\"><span style=\"color: #000000;\">Weisker, Regina und Harald: <u>Alaska \u2013 Vom Leben in der Einsamkeit.<\/u> 3. Aufl. G\u00f6ttingen: Syro-Verlag, 1984.<\/span><\/p>\n<p align=\"JUSTIFY\"><span style=\"color: #000000;\">Day, Beth: <u>Als Gletscherpilot in Alaska.<\/u> R\u00fcschlikon-Z\u00fcrich: Albert M\u00fcller Verlag.<\/span><\/p>\n<p align=\"JUSTIFY\"><span style=\"color: #000000;\">\u00c1jtte, Schwedisches Fj\u00e4ll- und Samenmuseum: <u>Die Samen \u2013 Volk der Sonne und des Windes.<\/u> Jokkmokk (Schweden).<\/span><\/p>\n<p align=\"JUSTIFY\"><span style=\"color: #000000;\">Johann, A. E.: <u>Jenseits der W\u00e4lder \u2013 Die Kanada-Trilogie.<\/u> Lizenzausgabe. Augsburg: Weltbild Verlag, 1999.<\/span><\/p>\n<p align=\"JUSTIFY\"><span style=\"color: #000000;\">Meissner, Hans-Otto: <u>Wildes rauhes Land. Reisen und Jagen im Norden Kanadas.<\/u> G\u00fctersloh: Bertelsmann Sachbuchverlag Reinhard Mohn, 1969.<\/span><\/p>\n<p align=\"JUSTIFY\"><span style=\"color: #000000;\">Nansen, Fridtjof: <u>Auf Skiern durch Gr\u00f6nland. Eskimoleben.<\/u> 1. Aufl. Berlin: Verlag Volk und Welt, 1991.<\/span><\/p>\n<p align=\"JUSTIFY\"><span style=\"color: #000000;\">Meissner, Hans-Otto: <u>Bezaubernde Wildnis. Wandern, Jagen, Fliegen in Alaska.<\/u> Erweiterte Neuaufl. M\u00fcnchen: C. Bertelsmann Verlag, 1983.<\/span><\/p>\n<p align=\"JUSTIFY\"><span style=\"color: #000000;\">Paulsen, Gary: <u>Iditarod \u2013 Das h\u00e4rteste Hundeschlittenrennen der Welt.<\/u> 1. Aufl. Hamburg: Hoffmann und Campe Verlag, 1998.<\/span><\/p>\n<p align=\"JUSTIFY\"><span style=\"color: #000000;\">Haarberg, Erlend und Orsolya: <span style=\"text-decoration: underline;\">Lappland. Das Alaska Europas.<\/span> Hamburg: National Geographic Deutschland, 2009<\/span><\/p>\n<p><span style=\"color: #000000;\">Varesvuo, Markus; Peltom\u00e4ki, Jari; M\u00e1t\u00e9, Bence: <u>Handbuch der Vogelfotografie.<\/u> 1. Aufl. Heidelberg: dpunkt.verlag GmbH, 2013<\/span><\/p>\n<p><span style=\"color: #000000;\">Klettenheimer, Jens: <u>Lofoten fotografieren.<\/u> Heidelberg: dpunkt.verlag GmbH, 2018<\/span>[\/vc_column_text][\/vc_column][\/vc_row]<\/p>\n<\/div>","protected":false},"excerpt":{"rendered":"<p>[vc_row][vc_column][vc_column_text] Buchtipps [\/vc_column_text][\/vc_column][\/vc_row][vc_row][vc_column width=&#8220;1\/4&#8243;][\/vc_column][vc_column width=&#8220;1\/4&#8243;][vc_single_image image=&#8220;940&#8243; img_size=&#8220;medium&#8220; onclick=&#8220;link_image&#8220;][\/vc_column][vc_column width=&#8220;1\/4&#8243;][vc_single_image image=&#8220;942&#8243; img_size=&#8220;medium&#8220; onclick=&#8220;link_image&#8220;][\/vc_column][vc_column width=&#8220;1\/4&#8243;][\/vc_column][\/vc_row][vc_row][vc_column width=&#8220;1\/4&#8243;][\/vc_column][vc_column width=&#8220;1\/2&#8243;][vc_column_text] Buch, so ich dich schlie\u00dfe, schlag ich das Leben auf. (P. Neruda, Ode an das Buch) [\/vc_column_text][\/vc_column][vc_column width=&#8220;1\/4&#8243;][\/vc_column][\/vc_row][vc_row][vc_column][vc_column_text] Reisebeschreibungen, Expeditionsberichte, Sachb\u00fccher, Romane und Bildb\u00e4nde, die (meist) den hohen Norden von Alaska \u00fcber Kanada und Gr\u00f6nland bis nach Lappland thematisieren, begleiten&hellip;<\/p>\n","protected":false},"author":1,"featured_media":0,"parent":0,"menu_order":0,"comment_status":"closed","ping_status":"closed","template":"","meta":{"_acf_changed":false,"footnotes":""},"class_list":["post-710","page","type-page","status-publish","hentry"],"acf":[],"_links":{"self":[{"href":"https:\/\/portius-fotografie.com\/index.php?rest_route=\/wp\/v2\/pages\/710","targetHints":{"allow":["GET"]}}],"collection":[{"href":"https:\/\/portius-fotografie.com\/index.php?rest_route=\/wp\/v2\/pages"}],"about":[{"href":"https:\/\/portius-fotografie.com\/index.php?rest_route=\/wp\/v2\/types\/page"}],"author":[{"embeddable":true,"href":"https:\/\/portius-fotografie.com\/index.php?rest_route=\/wp\/v2\/users\/1"}],"replies":[{"embeddable":true,"href":"https:\/\/portius-fotografie.com\/index.php?rest_route=%2Fwp%2Fv2%2Fcomments&post=710"}],"version-history":[{"count":25,"href":"https:\/\/portius-fotografie.com\/index.php?rest_route=\/wp\/v2\/pages\/710\/revisions"}],"predecessor-version":[{"id":5463,"href":"https:\/\/portius-fotografie.com\/index.php?rest_route=\/wp\/v2\/pages\/710\/revisions\/5463"}],"wp:attachment":[{"href":"https:\/\/portius-fotografie.com\/index.php?rest_route=%2Fwp%2Fv2%2Fmedia&parent=710"}],"curies":[{"name":"wp","href":"https:\/\/api.w.org\/{rel}","templated":true}]}}